{"id":1156,"date":"2022-11-27T13:20:17","date_gmt":"2022-11-27T13:20:17","guid":{"rendered":"https:\/\/danskpaatigrinya.dk\/?page_id=1156"},"modified":"2023-02-18T07:52:28","modified_gmt":"2023-02-18T07:52:28","slug":"viden-om-tidrinya","status":"publish","type":"page","link":"https:\/\/danskpaatigrinya.dk\/?page_id=1156","title":{"rendered":"Viden om Tigrinya"},"content":{"rendered":"\n<figure class=\"wp-block-image size-large\"><a href=\"https:\/\/www.facebook.com\/groups\/1603580396612513\"><img loading=\"lazy\" decoding=\"async\" width=\"1024\" height=\"768\" src=\"https:\/\/danskpaatigrinya.dk\/wp-content\/uploads\/2023\/02\/Clive-1024x768.jpg\" alt=\"\" class=\"wp-image-1293\" srcset=\"https:\/\/danskpaatigrinya.dk\/wp-content\/uploads\/2023\/02\/Clive-1024x768.jpg 1024w, https:\/\/danskpaatigrinya.dk\/wp-content\/uploads\/2023\/02\/Clive-300x225.jpg 300w, https:\/\/danskpaatigrinya.dk\/wp-content\/uploads\/2023\/02\/Clive-768x576.jpg 768w, https:\/\/danskpaatigrinya.dk\/wp-content\/uploads\/2023\/02\/Clive.jpg 1239w\" sizes=\"auto, (max-width: 1024px) 100vw, 1024px\" \/><\/a><figcaption class=\"wp-element-caption\">Clive Lee holder opl\u00e6g om sine erfaringer med at l\u00e6re Tigrinya. Du kan m\u00f8de ham p\u00e5 hans facebookside <a href=\"https:\/\/www.facebook.com\/groups\/1603580396612513\" target=\"_blank\" rel=\"noreferrer noopener\">Dansk Engelsk Tigrinya<\/a>.<\/figcaption><\/figure>\n\n\n\n<p>Til den p\u00e6dagogiske dag i N\u00e6stved har Clive Lee fortalt om sine erfaringer med at l\u00e6re Tigrinya. Clive fortalte om sproget Tigrinya og har givet os en r\u00e6kke uundv\u00e6rlige v\u00e6rkt\u00f8jer i arbejdet med at forst\u00e5 sprogets opbygning. Med Clives tilladelse deler vi hans fort\u00e6lling her p\u00e5 hjemmesiden.<\/p>\n\n\n\n<div data-wp-interactive=\"core\/file\" class=\"wp-block-file\"><object data-wp-bind--hidden=\"!state.hasPdfPreview\" hidden class=\"wp-block-file__embed\" data=\"https:\/\/danskpaatigrinya.dk\/wp-content\/uploads\/2023\/02\/Erfaringer-Tigrinya-Clive.pdf\" type=\"application\/pdf\" style=\"width:100%;height:600px\" aria-label=\"Embed Erfaringer-Tigrinya-Clive.\"><\/object><a id=\"wp-block-file--media-93bfa43c-210e-4a46-9803-134f6ae2dee3\" href=\"https:\/\/danskpaatigrinya.dk\/wp-content\/uploads\/2023\/02\/Erfaringer-Tigrinya-Clive.pdf\">Erfaringer-Tigrinya-Clive<\/a><a href=\"https:\/\/danskpaatigrinya.dk\/wp-content\/uploads\/2023\/02\/Erfaringer-Tigrinya-Clive.pdf\" class=\"wp-block-file__button wp-element-button\" download aria-describedby=\"wp-block-file--media-93bfa43c-210e-4a46-9803-134f6ae2dee3\">Download<\/a><\/div>\n\n\n\n<p>Er du i gang med &#8211; eller har planer om &#8211; at l\u00e6re Tigrinya, eller har du tigrinyatalende elever &#8211; s\u00e5 se her! Clive og Hanne Lee har lavet et dokument med en r\u00e6kke uundv\u00e6rlige v\u00e6rkt\u00f8jer om Tigrinya. <\/p>\n\n\n\n<div data-wp-interactive=\"core\/file\" class=\"wp-block-file\"><object data-wp-bind--hidden=\"!state.hasPdfPreview\" hidden class=\"wp-block-file__embed\" data=\"https:\/\/danskpaatigrinya.dk\/wp-content\/uploads\/2023\/02\/Tigrinya-Handout-Clive.pdf\" type=\"application\/pdf\" style=\"width:100%;height:600px\" aria-label=\"Embed Tigrinya-Handout-Clive.\"><\/object><a id=\"wp-block-file--media-58ceca92-7283-4196-90fc-ca2bc0102161\" href=\"https:\/\/danskpaatigrinya.dk\/wp-content\/uploads\/2023\/02\/Tigrinya-Handout-Clive.pdf\">Tigrinya-Handout-Clive<\/a><a href=\"https:\/\/danskpaatigrinya.dk\/wp-content\/uploads\/2023\/02\/Tigrinya-Handout-Clive.pdf\" class=\"wp-block-file__button wp-element-button\" download aria-describedby=\"wp-block-file--media-58ceca92-7283-4196-90fc-ca2bc0102161\">Download<\/a><\/div>\n\n\n\n<p><\/p>\n","protected":false},"excerpt":{"rendered":"<p>Til den p\u00e6dagogiske dag i N\u00e6stved har Clive Lee fortalt om sine erfaringer med at l\u00e6re Tigrinya. Clive fortalte om sproget Tigrinya og har givet os en r\u00e6kke uundv\u00e6rlige v\u00e6rkt\u00f8jer i arbejdet med at forst\u00e5 sprogets opbygning. Med Clives tilladelse deler vi hans fort\u00e6lling her p\u00e5 hjemmesiden. Er du i gang med &#8211; eller har [&hellip;]<\/p>\n","protected":false},"author":1,"featured_media":0,"parent":0,"menu_order":0,"comment_status":"closed","ping_status":"closed","template":"","meta":{"zakra_sidebar_layout":"customizer","zakra_remove_content_margin":false,"zakra_sidebar":"customizer","zakra_transparent_header":"customizer","zakra_logo":0,"zakra_main_header_style":"default","zakra_menu_item_color":"","zakra_menu_item_hover_color":"","zakra_menu_item_active_color":"","zakra_menu_active_style":"","zakra_page_header":true,"footnotes":""},"class_list":["post-1156","page","type-page","status-publish","hentry"],"_links":{"self":[{"href":"https:\/\/danskpaatigrinya.dk\/index.php?rest_route=\/wp\/v2\/pages\/1156","targetHints":{"allow":["GET"]}}],"collection":[{"href":"https:\/\/danskpaatigrinya.dk\/index.php?rest_route=\/wp\/v2\/pages"}],"about":[{"href":"https:\/\/danskpaatigrinya.dk\/index.php?rest_route=\/wp\/v2\/types\/page"}],"author":[{"embeddable":true,"href":"https:\/\/danskpaatigrinya.dk\/index.php?rest_route=\/wp\/v2\/users\/1"}],"replies":[{"embeddable":true,"href":"https:\/\/danskpaatigrinya.dk\/index.php?rest_route=%2Fwp%2Fv2%2Fcomments&post=1156"}],"version-history":[{"count":4,"href":"https:\/\/danskpaatigrinya.dk\/index.php?rest_route=\/wp\/v2\/pages\/1156\/revisions"}],"predecessor-version":[{"id":1301,"href":"https:\/\/danskpaatigrinya.dk\/index.php?rest_route=\/wp\/v2\/pages\/1156\/revisions\/1301"}],"wp:attachment":[{"href":"https:\/\/danskpaatigrinya.dk\/index.php?rest_route=%2Fwp%2Fv2%2Fmedia&parent=1156"}],"curies":[{"name":"wp","href":"https:\/\/api.w.org\/{rel}","templated":true}]}}