{"id":1154,"date":"2022-11-27T13:20:17","date_gmt":"2022-11-27T13:20:17","guid":{"rendered":"https:\/\/danskpaatigrinya.dk\/?page_id=1154"},"modified":"2023-05-12T11:15:15","modified_gmt":"2023-05-12T11:15:15","slug":"om-sfl","status":"publish","type":"page","link":"https:\/\/danskpaatigrinya.dk\/?page_id=1154","title":{"rendered":"L\u00e6rervejledning"},"content":{"rendered":"\n<figure class=\"wp-block-image size-large\"><img loading=\"lazy\" decoding=\"async\" width=\"1024\" height=\"768\" src=\"https:\/\/danskpaatigrinya.dk\/wp-content\/uploads\/2023\/02\/kort-paa-bordet-1024x768.jpg\" alt=\"\" class=\"wp-image-1279\" srcset=\"https:\/\/danskpaatigrinya.dk\/wp-content\/uploads\/2023\/02\/kort-paa-bordet-1024x768.jpg 1024w, https:\/\/danskpaatigrinya.dk\/wp-content\/uploads\/2023\/02\/kort-paa-bordet-300x225.jpg 300w, https:\/\/danskpaatigrinya.dk\/wp-content\/uploads\/2023\/02\/kort-paa-bordet-768x576.jpg 768w, https:\/\/danskpaatigrinya.dk\/wp-content\/uploads\/2023\/02\/kort-paa-bordet.jpg 1163w\" sizes=\"auto, (max-width: 1024px) 100vw, 1024px\" \/><\/figure>\n\n\n\n<p><\/p>\n\n\n\n<p>Vi har skrevet en udf\u00f8rlig l\u00e6rervejledning til det nye undervisningsmateriale, som blev udviklet i dette projekt. Undervisningsmaterialet er blevet pr\u00e6senteret p\u00e5 en p\u00e6dagogisk dag med undervisere i dansk som andetsprog p\u00e5 to sprogskoler. <\/p>\n\n\n\n<p><\/p>\n\n\n\n<h2 class=\"wp-block-heading\"><strong>L\u00e6rervejledningen kan downloades her.<\/strong><\/h2>\n\n\n\n<div data-wp-interactive=\"core\/file\" class=\"wp-block-file\"><object data-wp-bind--hidden=\"!state.hasPdfPreview\" hidden class=\"wp-block-file__embed\" data=\"https:\/\/danskpaatigrinya.dk\/wp-content\/uploads\/2023\/05\/Laerervejledning-til-videobaseret-materiale-til-tigrinya-talende-kursister-12-05-2023.pdf\" type=\"application\/pdf\" style=\"width:100%;height:600px\" aria-label=\"Embed Laerervejledning-til-videobaseret-materiale-til-tigrinya-talende-kursister-12-05-2023.\"><\/object><a id=\"wp-block-file--media-d1f61f03-13a5-41d8-978e-1b580aff0bc7\" href=\"https:\/\/danskpaatigrinya.dk\/wp-content\/uploads\/2023\/05\/Laerervejledning-til-videobaseret-materiale-til-tigrinya-talende-kursister-12-05-2023.pdf\">Laerervejledning-til-videobaseret-materiale-til-tigrinya-talende-kursister-12-05-2023<\/a><a href=\"https:\/\/danskpaatigrinya.dk\/wp-content\/uploads\/2023\/05\/Laerervejledning-til-videobaseret-materiale-til-tigrinya-talende-kursister-12-05-2023.pdf\" class=\"wp-block-file__button wp-element-button\" download aria-describedby=\"wp-block-file--media-d1f61f03-13a5-41d8-978e-1b580aff0bc7\">Download<\/a><\/div>\n\n\n\n<p><\/p>\n\n\n\n<p>Den 18. januar 2023 blev der afholdt en p\u00e6dagogisk dag sammen med l\u00e6rere fra to sprogskoler &#8211; Center for Dansk og Integration i K\u00f8ge og Sprogcenter N\u00e6stved. <\/p>\n\n\n\n<h2 class=\"wp-block-heading\">Program for P\u00e6dagogisk dag &#8211; K\u00f8ge og N\u00e6stved <\/h2>\n\n\n\n<figure class=\"wp-block-table\"><table><tbody><tr><td>Tid<\/td><td>Aktivitet<\/td><\/tr><tr><td>9.30<\/td><td>Ankomst &#8211; kaffe og croissant &nbsp;<\/td><\/tr><tr><td>9.45<\/td><td>Pr\u00e6sentation af sprogskolerne v\/ Jane og Line &nbsp;<\/td><\/tr><tr><td>10.00<\/td><td>Pr\u00e6sentation og demonstration af projektet v\/Hanne, Jane, Elina og Michelle &nbsp;<\/td><\/tr><tr><td>11.05<\/td><td>Summen: F\u00f8rste indtryk? &nbsp;<\/td><\/tr><tr><td>11.15<\/td><td>Kort gennemgang af l\u00e6rervejledningen v \/ Hanne &nbsp;<\/td><\/tr><tr><td>11.25<\/td><td>\u00d8velser:&nbsp; runde I &nbsp;<\/td><\/tr><tr><td>12.00<\/td><td>Frokost &nbsp;<\/td><\/tr><tr><td>12.45<\/td><td>Rundvisning &nbsp;<\/td><\/tr><tr><td>13.00<\/td><td>\u00d8velser:&nbsp; runde II &nbsp;<\/td><\/tr><tr><td>14.00<\/td><td>Opl\u00e6g af Clive fra Slagelse &nbsp;<\/td><\/tr><tr><td>14.30<\/td><td>Opsamling p\u00e5 dagens indhold v \/ Hanne og Elina &nbsp;<\/td><\/tr><tr><td>14.45 &#8211; 15.00<\/td><td>Afslutning af dagen v\/ Jane og Line &nbsp;<\/td><\/tr><\/tbody><\/table><\/figure>\n\n\n\n<figure class=\"wp-block-image size-large\"><img loading=\"lazy\" decoding=\"async\" width=\"1024\" height=\"768\" src=\"https:\/\/danskpaatigrinya.dk\/wp-content\/uploads\/2023\/02\/lokalet-1024x768.jpg\" alt=\"\" class=\"wp-image-1280\" srcset=\"https:\/\/danskpaatigrinya.dk\/wp-content\/uploads\/2023\/02\/lokalet-1024x768.jpg 1024w, https:\/\/danskpaatigrinya.dk\/wp-content\/uploads\/2023\/02\/lokalet-300x225.jpg 300w, https:\/\/danskpaatigrinya.dk\/wp-content\/uploads\/2023\/02\/lokalet-768x576.jpg 768w, https:\/\/danskpaatigrinya.dk\/wp-content\/uploads\/2023\/02\/lokalet.jpg 1163w\" sizes=\"auto, (max-width: 1024px) 100vw, 1024px\" \/><\/figure>\n\n\n\n<p>Projektgruppen har pr\u00e6senteret projektets resultater. L\u00e6rerne har afpr\u00f8vet nogle af de materialer til l\u00e6reren, som blev udviklet i projektet. <\/p>\n\n\n\n<figure class=\"wp-block-image size-large\"><img loading=\"lazy\" decoding=\"async\" width=\"1024\" height=\"768\" src=\"https:\/\/danskpaatigrinya.dk\/wp-content\/uploads\/2023\/02\/kort-og-haender-1024x768.jpg\" alt=\"\" class=\"wp-image-1281\" srcset=\"https:\/\/danskpaatigrinya.dk\/wp-content\/uploads\/2023\/02\/kort-og-haender-1024x768.jpg 1024w, https:\/\/danskpaatigrinya.dk\/wp-content\/uploads\/2023\/02\/kort-og-haender-300x225.jpg 300w, https:\/\/danskpaatigrinya.dk\/wp-content\/uploads\/2023\/02\/kort-og-haender-768x576.jpg 768w, https:\/\/danskpaatigrinya.dk\/wp-content\/uploads\/2023\/02\/kort-og-haender.jpg 1163w\" sizes=\"auto, (max-width: 1024px) 100vw, 1024px\" \/><\/figure>\n","protected":false},"excerpt":{"rendered":"<p>Vi har skrevet en udf\u00f8rlig l\u00e6rervejledning til det nye undervisningsmateriale, som blev udviklet i dette projekt. Undervisningsmaterialet er blevet pr\u00e6senteret p\u00e5 en p\u00e6dagogisk dag med undervisere i dansk som andetsprog p\u00e5 to sprogskoler. L\u00e6rervejledningen kan downloades her. Den 18. januar 2023 blev der afholdt en p\u00e6dagogisk dag sammen med l\u00e6rere fra to sprogskoler &#8211; Center [&hellip;]<\/p>\n","protected":false},"author":1,"featured_media":0,"parent":0,"menu_order":0,"comment_status":"closed","ping_status":"closed","template":"","meta":{"zakra_sidebar_layout":"customizer","zakra_remove_content_margin":false,"zakra_sidebar":"customizer","zakra_transparent_header":"customizer","zakra_logo":0,"zakra_main_header_style":"default","zakra_menu_item_color":"","zakra_menu_item_hover_color":"","zakra_menu_item_active_color":"","zakra_menu_active_style":"","zakra_page_header":true,"footnotes":""},"class_list":["post-1154","page","type-page","status-publish","hentry"],"_links":{"self":[{"href":"https:\/\/danskpaatigrinya.dk\/index.php?rest_route=\/wp\/v2\/pages\/1154","targetHints":{"allow":["GET"]}}],"collection":[{"href":"https:\/\/danskpaatigrinya.dk\/index.php?rest_route=\/wp\/v2\/pages"}],"about":[{"href":"https:\/\/danskpaatigrinya.dk\/index.php?rest_route=\/wp\/v2\/types\/page"}],"author":[{"embeddable":true,"href":"https:\/\/danskpaatigrinya.dk\/index.php?rest_route=\/wp\/v2\/users\/1"}],"replies":[{"embeddable":true,"href":"https:\/\/danskpaatigrinya.dk\/index.php?rest_route=%2Fwp%2Fv2%2Fcomments&post=1154"}],"version-history":[{"count":4,"href":"https:\/\/danskpaatigrinya.dk\/index.php?rest_route=\/wp\/v2\/pages\/1154\/revisions"}],"predecessor-version":[{"id":1332,"href":"https:\/\/danskpaatigrinya.dk\/index.php?rest_route=\/wp\/v2\/pages\/1154\/revisions\/1332"}],"wp:attachment":[{"href":"https:\/\/danskpaatigrinya.dk\/index.php?rest_route=%2Fwp%2Fv2%2Fmedia&parent=1154"}],"curies":[{"name":"wp","href":"https:\/\/api.w.org\/{rel}","templated":true}]}}