{"id":1149,"date":"2022-11-27T13:20:16","date_gmt":"2022-11-27T13:20:16","guid":{"rendered":"https:\/\/danskpaatigrinya.dk\/?page_id=1149"},"modified":"2023-04-30T11:29:40","modified_gmt":"2023-04-30T11:29:40","slug":"video-3","status":"publish","type":"page","link":"https:\/\/danskpaatigrinya.dk\/?page_id=1149","title":{"rendered":"Video 3"},"content":{"rendered":"\n<p>Beretning<\/p>\n\n\n\n<figure class=\"wp-block-embed is-type-video is-provider-youtube wp-block-embed-youtube wp-embed-aspect-16-9 wp-has-aspect-ratio\"><div class=\"wp-block-embed__wrapper\">\n<div class=\"zak-oembed-container\"><iframe loading=\"lazy\" title=\"VIDEO 3: BERETNING\" width=\"812\" height=\"457\" src=\"https:\/\/www.youtube.com\/embed\/rMoNVFyL8go?feature=oembed\" frameborder=\"0\" allow=\"accelerometer; autoplay; clipboard-write; encrypted-media; gyroscope; picture-in-picture; web-share\" allowfullscreen><\/iframe><\/div>\n<\/div><\/figure>\n\n\n\n<p>I video nr 3 demonstrerer vi hvordan man beretter &#8211; eller fort\u00e6ller &#8211; om noget, man har oplevet<\/p>\n\n\n\n<p>Form\u00e5l:<\/p>\n\n\n\n<ul class=\"wp-block-list\">\n<li>At s\u00e6tte fokus p\u00e5 tekstaktiviteten \u201dberetning\u201d<\/li>\n\n\n\n<li>At give mulighed for at tale om hvor vi m\u00f8der beretninger \/fort\u00e6llinger i vores hverdag<\/li>\n<\/ul>\n\n\n\n<p>M\u00e5l med video 3 er at efter endt lektion skal kursisten kunne:<\/p>\n\n\n\n<ul class=\"wp-block-list\">\n<li>bygge&nbsp; &#8211; og genkende &#8211; en beretning<\/li>\n\n\n\n<li>forklare hvorfor det er en beretning<\/li>\n\n\n\n<li>Kunne sammenligne med tigrinya og vise forskellene.<\/li>\n<\/ul>\n\n\n\n<p>Hvis der \u00f8nskes progression, kan man f.eks.<\/p>\n\n\n\n<ul class=\"wp-block-list\">\n<li>Bygge en beretning med r\u00f8de, gr\u00f8nne, bl\u00e5 kort indenfor et andet dom\u00e6ne <\/li>\n\n\n\n<li>Dramatisere \u00f8velsen, s\u00e5 man f\u00e5r talt dansk (som p\u00e5 videoen)<\/li>\n\n\n\n<li>Dramatisere \u00f8velsen indenfor et andet dom\u00e6ne<\/li>\n<\/ul>\n\n\n\n<div class=\"wp-block-file\"><a id=\"wp-block-file--media-cfa3668d-36a1-47f7-bafd-1486b7d47d84\" href=\"https:\/\/danskpaatigrinya.dk\/wp-content\/uploads\/2023\/04\/Beretning-tekst-i-farver-revideret.docx\">Beretning-tekst-i-farver-revideret<\/a><a href=\"https:\/\/danskpaatigrinya.dk\/wp-content\/uploads\/2023\/04\/Beretning-tekst-i-farver-revideret.docx\" class=\"wp-block-file__button wp-element-button\" download aria-describedby=\"wp-block-file--media-cfa3668d-36a1-47f7-bafd-1486b7d47d84\">Download<\/a><\/div>\n\n\n\n<div class=\"wp-block-file\"><a id=\"wp-block-file--media-7711d085-804d-4d37-87bb-8ff63e836289\" href=\"https:\/\/danskpaatigrinya.dk\/wp-content\/uploads\/2023\/04\/Beretning-uden-farve-ny-version.docx\">Beretning-uden-farve-ny-version<\/a><a href=\"https:\/\/danskpaatigrinya.dk\/wp-content\/uploads\/2023\/04\/Beretning-uden-farve-ny-version.docx\" class=\"wp-block-file__button wp-element-button\" download aria-describedby=\"wp-block-file--media-7711d085-804d-4d37-87bb-8ff63e836289\">Download<\/a><\/div>\n\n\n\n<p>Deltagere, processer og omst\u00e6ndigheder til videoerne <\/p>\n\n\n\n<div class=\"wp-block-file\"><a id=\"wp-block-file--media-b2042b90-3c22-414b-99c8-95cd80a1b06e\" href=\"https:\/\/danskpaatigrinya.dk\/wp-content\/uploads\/2023\/04\/Deltagere-til-video-3-Beretning-ny-version.docx\">Deltagere-til-video-3-Beretning-ny-version<\/a><a href=\"https:\/\/danskpaatigrinya.dk\/wp-content\/uploads\/2023\/04\/Deltagere-til-video-3-Beretning-ny-version.docx\" class=\"wp-block-file__button wp-element-button\" download aria-describedby=\"wp-block-file--media-b2042b90-3c22-414b-99c8-95cd80a1b06e\">Download<\/a><\/div>\n\n\n\n<div class=\"wp-block-file\"><a id=\"wp-block-file--media-66ca978e-3421-4e3c-8121-46c5616fcb58\" href=\"https:\/\/danskpaatigrinya.dk\/wp-content\/uploads\/2023\/04\/Processer-til-video-3.docx\">Processer-til-video-3<\/a><a href=\"https:\/\/danskpaatigrinya.dk\/wp-content\/uploads\/2023\/04\/Processer-til-video-3.docx\" class=\"wp-block-file__button wp-element-button\" download aria-describedby=\"wp-block-file--media-66ca978e-3421-4e3c-8121-46c5616fcb58\">Download<\/a><\/div>\n\n\n\n<div class=\"wp-block-file\"><a id=\"wp-block-file--media-46f0a23c-237b-48a6-8fb4-84fd1131a36a\" href=\"https:\/\/danskpaatigrinya.dk\/wp-content\/uploads\/2023\/04\/Omstaendigheder-i-video-3-Beretning-ny-version.docx\">Omstaendigheder-i-video-3-Beretning-ny-version<\/a><a href=\"https:\/\/danskpaatigrinya.dk\/wp-content\/uploads\/2023\/04\/Omstaendigheder-i-video-3-Beretning-ny-version.docx\" class=\"wp-block-file__button wp-element-button\" download aria-describedby=\"wp-block-file--media-46f0a23c-237b-48a6-8fb4-84fd1131a36a\">Download<\/a><\/div>\n\n\n\n<div class=\"wp-block-file\"><a id=\"wp-block-file--media-f28ce811-2061-458f-b52e-117972dc01f5\" href=\"https:\/\/danskpaatigrinya.dk\/wp-content\/uploads\/2023\/04\/Omstaendigheder-i-video-3-Beretning-ny-version-1.docx\">Omstaendigheder-i-video-3-Beretning-ny-version-1<\/a><a href=\"https:\/\/danskpaatigrinya.dk\/wp-content\/uploads\/2023\/04\/Omstaendigheder-i-video-3-Beretning-ny-version-1.docx\" class=\"wp-block-file__button wp-element-button\" download aria-describedby=\"wp-block-file--media-f28ce811-2061-458f-b52e-117972dc01f5\">Download<\/a><\/div>\n\n\n\n<p>Nyt dom\u00e6ne<\/p>\n\n\n\n<div class=\"wp-block-file\"><a id=\"wp-block-file--media-e013ce51-ad2b-4521-8ded-2b94129455f5\" href=\"https:\/\/danskpaatigrinya.dk\/wp-content\/uploads\/2023\/04\/Weekendtur-til-Koebenhavn-i-farver-nyt-domaene.docx\">Weekendtur-til-Koebenhavn-i-farver-nyt-domaene<\/a><a href=\"https:\/\/danskpaatigrinya.dk\/wp-content\/uploads\/2023\/04\/Weekendtur-til-Koebenhavn-i-farver-nyt-domaene.docx\" class=\"wp-block-file__button wp-element-button\" download aria-describedby=\"wp-block-file--media-e013ce51-ad2b-4521-8ded-2b94129455f5\">Download<\/a><\/div>\n\n\n\n<div class=\"wp-block-file\"><a id=\"wp-block-file--media-10e38d1e-7964-4720-a5f6-cfcfde1d402a\" href=\"https:\/\/danskpaatigrinya.dk\/wp-content\/uploads\/2023\/04\/Weekendtur-til-Koebenhavn-nyt-domaene-beretning.docx\">Weekendtur-til-Koebenhavn-nyt-domaene-beretning<\/a><a href=\"https:\/\/danskpaatigrinya.dk\/wp-content\/uploads\/2023\/04\/Weekendtur-til-Koebenhavn-nyt-domaene-beretning.docx\" class=\"wp-block-file__button wp-element-button\" download aria-describedby=\"wp-block-file--media-10e38d1e-7964-4720-a5f6-cfcfde1d402a\">Download<\/a><\/div>\n","protected":false},"excerpt":{"rendered":"<p>Beretning I video nr 3 demonstrerer vi hvordan man beretter &#8211; eller fort\u00e6ller &#8211; om noget, man har oplevet Form\u00e5l: M\u00e5l med video 3 er at efter endt lektion skal kursisten kunne: Hvis der \u00f8nskes progression, kan man f.eks. Deltagere, processer og omst\u00e6ndigheder til videoerne Nyt dom\u00e6ne<\/p>\n","protected":false},"author":1,"featured_media":0,"parent":0,"menu_order":0,"comment_status":"closed","ping_status":"closed","template":"","meta":{"zakra_sidebar_layout":"customizer","zakra_remove_content_margin":false,"zakra_sidebar":"customizer","zakra_transparent_header":"customizer","zakra_logo":0,"zakra_main_header_style":"default","zakra_menu_item_color":"","zakra_menu_item_hover_color":"","zakra_menu_item_active_color":"","zakra_menu_active_style":"","zakra_page_header":true,"footnotes":""},"class_list":["post-1149","page","type-page","status-publish","hentry"],"_links":{"self":[{"href":"https:\/\/danskpaatigrinya.dk\/index.php?rest_route=\/wp\/v2\/pages\/1149","targetHints":{"allow":["GET"]}}],"collection":[{"href":"https:\/\/danskpaatigrinya.dk\/index.php?rest_route=\/wp\/v2\/pages"}],"about":[{"href":"https:\/\/danskpaatigrinya.dk\/index.php?rest_route=\/wp\/v2\/types\/page"}],"author":[{"embeddable":true,"href":"https:\/\/danskpaatigrinya.dk\/index.php?rest_route=\/wp\/v2\/users\/1"}],"replies":[{"embeddable":true,"href":"https:\/\/danskpaatigrinya.dk\/index.php?rest_route=%2Fwp%2Fv2%2Fcomments&post=1149"}],"version-history":[{"count":5,"href":"https:\/\/danskpaatigrinya.dk\/index.php?rest_route=\/wp\/v2\/pages\/1149\/revisions"}],"predecessor-version":[{"id":1328,"href":"https:\/\/danskpaatigrinya.dk\/index.php?rest_route=\/wp\/v2\/pages\/1149\/revisions\/1328"}],"wp:attachment":[{"href":"https:\/\/danskpaatigrinya.dk\/index.php?rest_route=%2Fwp%2Fv2%2Fmedia&parent=1149"}],"curies":[{"name":"wp","href":"https:\/\/api.w.org\/{rel}","templated":true}]}}