{"id":1147,"date":"2022-11-27T13:12:35","date_gmt":"2022-11-27T13:12:35","guid":{"rendered":"https:\/\/danskpaatigrinya.dk\/?page_id=1147"},"modified":"2023-01-15T17:02:23","modified_gmt":"2023-01-15T17:02:23","slug":"video-2","status":"publish","type":"page","link":"https:\/\/danskpaatigrinya.dk\/?page_id=1147","title":{"rendered":"Video 2"},"content":{"rendered":"\n<h2 class=\"wp-block-heading\">Instruktion<\/h2>\n\n\n\n<figure class=\"wp-block-embed is-type-video is-provider-youtube wp-block-embed-youtube wp-embed-aspect-16-9 wp-has-aspect-ratio\"><div class=\"wp-block-embed__wrapper\">\n<div class=\"zak-oembed-container\"><iframe loading=\"lazy\" title=\"VIDEO 2: INSTRUKTION\" width=\"812\" height=\"457\" src=\"https:\/\/www.youtube.com\/embed\/d3ChRSVpWMc?feature=oembed\" frameborder=\"0\" allow=\"accelerometer; autoplay; clipboard-write; encrypted-media; gyroscope; picture-in-picture; web-share\" allowfullscreen><\/iframe><\/div>\n<\/div><\/figure>\n\n\n\n<p>I denne video bager Lwam og Jane pandekager. De f\u00f8lgen en opskrift fra en kogebog. <\/p>\n\n\n\n<figure class=\"wp-block-image size-large\"><img loading=\"lazy\" decoding=\"async\" width=\"1024\" height=\"768\" src=\"https:\/\/danskpaatigrinya.dk\/wp-content\/uploads\/2023\/01\/IMG_20220115_112824-1024x768.jpg\" alt=\"\" class=\"wp-image-1251\" srcset=\"https:\/\/danskpaatigrinya.dk\/wp-content\/uploads\/2023\/01\/IMG_20220115_112824-1024x768.jpg 1024w, https:\/\/danskpaatigrinya.dk\/wp-content\/uploads\/2023\/01\/IMG_20220115_112824-300x225.jpg 300w, https:\/\/danskpaatigrinya.dk\/wp-content\/uploads\/2023\/01\/IMG_20220115_112824-768x576.jpg 768w, https:\/\/danskpaatigrinya.dk\/wp-content\/uploads\/2023\/01\/IMG_20220115_112824-1536x1152.jpg 1536w, https:\/\/danskpaatigrinya.dk\/wp-content\/uploads\/2023\/01\/IMG_20220115_112824-2048x1536.jpg 2048w\" sizes=\"auto, (max-width: 1024px) 100vw, 1024px\" \/><\/figure>\n\n\n\n<p>I video nummer 2 vises, hvordan man kan l\u00e6se en opskrift. Kursisten kan l\u00e6re, hvordan han eller hun kan genkende en instruktion og selv skrive en instruktion.<\/p>\n\n\n\n<p>Instruktioner findes i alle fag i skolen og er ofte mundtlige, da nogen ofte viser eller fort\u00e6ller om, hvordan noget skal g\u00f8res. Man m\u00f8der ogs\u00e5 instruktioner i spil, regler, manualer og selvf\u00f8lgelig i opskrifter, som der vises i videoen.<\/p>\n\n\n\n<p><strong>Form\u00e5l med videoen er:<\/strong><\/p>\n\n\n\n<ul class=\"wp-block-list\">\n<li>at s\u00e6tte fokus p\u00e5 tekstaktiviteten \u2019Instruktion\u2019<\/li>\n\n\n\n<li>at give mulighed for at tale om, hvor man m\u00f8der instruktioner i vores hverdag.<\/li>\n<\/ul>\n\n\n\n<p><strong>Kursisten l\u00e6rer:<\/strong><\/p>\n\n\n\n<ul class=\"wp-block-list\">\n<li>at bygge &#8211; og genkende &#8211; en instruktion<\/li>\n\n\n\n<li>at forklare, hvorfor det er en instruktion<\/li>\n\n\n\n<li>at kunne sammenligne dansk med tigrinya og vise forskellene p\u00e5 disse to sprog, n\u00e5r vi taler om instruktioner.<\/li>\n<\/ul>\n\n\n\n<p><\/p>\n\n\n\n<figure class=\"wp-block-image size-large\"><img loading=\"lazy\" decoding=\"async\" width=\"1024\" height=\"768\" src=\"https:\/\/danskpaatigrinya.dk\/wp-content\/uploads\/2023\/01\/IMG_20220115_114345-1024x768.jpg\" alt=\"\" class=\"wp-image-1253\" srcset=\"https:\/\/danskpaatigrinya.dk\/wp-content\/uploads\/2023\/01\/IMG_20220115_114345-1024x768.jpg 1024w, https:\/\/danskpaatigrinya.dk\/wp-content\/uploads\/2023\/01\/IMG_20220115_114345-300x225.jpg 300w, https:\/\/danskpaatigrinya.dk\/wp-content\/uploads\/2023\/01\/IMG_20220115_114345-768x576.jpg 768w, https:\/\/danskpaatigrinya.dk\/wp-content\/uploads\/2023\/01\/IMG_20220115_114345-1536x1152.jpg 1536w, https:\/\/danskpaatigrinya.dk\/wp-content\/uploads\/2023\/01\/IMG_20220115_114345-2048x1536.jpg 2048w\" sizes=\"auto, (max-width: 1024px) 100vw, 1024px\" \/><\/figure>\n\n\n\n<h2 class=\"wp-block-heading\">S\u00e5dan kan man arbejde med videoen i en undervisningssituation<\/h2>\n\n\n\n<p class=\"blockart-paragraph blockart-paragraph-966ad8d7\">Med udgangspunkt i metoden &#8220;Teaching Learning Circle&#8221; har vi beskrevet en fremgangsm\u00e5de til en undervisningssituation:<\/p>\n\n\n\n<p class=\"blockart-paragraph blockart-paragraph-6caf8007\"><strong>Indflyvning:<\/strong><\/p>\n\n\n\n<p class=\"blockart-paragraph blockart-paragraph-e9011e8c\">Start med at tale om, hvad en instruktion er, og hvorn\u00e5r man bruger instruktioner i dagligdagen. Hvis kursisten ikke har s\u00e5 meget sprog, kan l\u00e6reren selv give eksempler p\u00e5 instruktioner evt. i form af korte s\u00e6tninger.<\/p>\n\n\n\n<p class=\"blockart-paragraph blockart-paragraph-9c53f9ff\"><strong>Forforst\u00e5else:<\/strong><\/p>\n\n\n\n<p class=\"blockart-paragraph blockart-paragraph-92fe73ba\">Fort\u00e6l om indholdet i videoen fx:\u00a0 I dag skal vi se en video, hvor to kvinder hj\u00e6lper hinanden med at bage pandekager, de skal bruge forskellige ingredienser fx mel og sukker for at lave danske pandekager. Efter de har lavet pandekagerne, skal de spise dem.\u00a0\u00a0<\/p>\n\n\n\n<p class=\"blockart-paragraph blockart-paragraph-31a22885\"><strong>Efter videoen:<\/strong><\/p>\n\n\n\n<p><strong><em>1. Skriv ord p\u00e5 tavlen og lav s\u00e6tninger<\/em><\/strong><\/p>\n\n\n\n<p>Brainstorm p\u00e5 b\u00e5de deltagere, processer og omst\u00e6ndigheder: Fx Pandekager, sukker, pande, lav, smelt, pisk.<\/p>\n\n\n\n<p>Skriv de ord p\u00e5 tavlen, som kursisterne husker og kategoris\u00e9r ordene i hhv. deltagere, processer og omst\u00e6ndigheder. Skriv s\u00e6tninger sammen med kursisterne. <\/p>\n\n\n\n<p>Vi har lavet en oversigt over de mest relevante deltagere, processer og omst\u00e6ndigheder. <\/p>\n\n\n\n<div class=\"wp-block-file\"><a id=\"wp-block-file--media-f7e2b1fb-af11-435f-93da-5526937e93cc\" href=\"https:\/\/danskpaatigrinya.dk\/wp-content\/uploads\/2023\/01\/Deltagere-processer-omstaendigheder-samlet-opskrift.docx\">Deltagere-processer-omstaendigheder-samlet-opskrift<\/a><a href=\"https:\/\/danskpaatigrinya.dk\/wp-content\/uploads\/2023\/01\/Deltagere-processer-omstaendigheder-samlet-opskrift.docx\" class=\"wp-block-file__button wp-element-button\" download aria-describedby=\"wp-block-file--media-f7e2b1fb-af11-435f-93da-5526937e93cc\">Download<\/a><\/div>\n\n\n\n<p><\/p>\n\n\n\n<p><strong><em>2. Arbejde med farvekort<\/em><\/strong> <\/p>\n\n\n\n<p>Klip kort ud med processer, deltagere og omst\u00e6ndigheder og lav forskellige opgaver med kortene, opgaverne kan l\u00f8ses individuelt, i par eller grupper.<\/p>\n\n\n\n<p>Kursisterne kategoriserer alle ordene og skriver dem ned i et h\u00e6fte, s\u00e5 de kan fastholde ordene og kategorierne. Fokus fastholdes p\u00e5 processer, deltager og omst\u00e6ndigheder. <\/p>\n\n\n\n<p>Vi har lavet kort med deltagere, processer og omst\u00e6ndigheder, som kan h\u00f8res i filmen. Du kan downloade dem her og klippe ud.<\/p>\n\n\n\n<div class=\"wp-block-file\"><a id=\"wp-block-file--media-4ee260bf-1a14-4a05-b619-0ffe227bdded\" href=\"https:\/\/danskpaatigrinya.dk\/wp-content\/uploads\/2023\/01\/Processer-til-video-2-instruktion-.docx\">Processer-til-video-2-instruktion-<\/a><a href=\"https:\/\/danskpaatigrinya.dk\/wp-content\/uploads\/2023\/01\/Processer-til-video-2-instruktion-.docx\" class=\"wp-block-file__button wp-element-button\" download aria-describedby=\"wp-block-file--media-4ee260bf-1a14-4a05-b619-0ffe227bdded\">Download<\/a><\/div>\n\n\n\n<div class=\"wp-block-file\"><a id=\"wp-block-file--media-f5fba381-0998-4cd7-ac1c-07641f558a17\" href=\"https:\/\/danskpaatigrinya.dk\/wp-content\/uploads\/2023\/01\/Deltagere-til-video-2-instruktion-.docx\">Deltagere-til-video-2-instruktion-<\/a><a href=\"https:\/\/danskpaatigrinya.dk\/wp-content\/uploads\/2023\/01\/Deltagere-til-video-2-instruktion-.docx\" class=\"wp-block-file__button wp-element-button\" download aria-describedby=\"wp-block-file--media-f5fba381-0998-4cd7-ac1c-07641f558a17\">Download<\/a><\/div>\n\n\n\n<div class=\"wp-block-file\"><a id=\"wp-block-file--media-3555f9bf-d8f9-4b98-933e-336766e9bb54\" href=\"https:\/\/danskpaatigrinya.dk\/wp-content\/uploads\/2023\/01\/Omstaendigheder-til-video-2-instruktion-.docx\">Omstaendigheder-til-video-2-instruktion-<\/a><a href=\"https:\/\/danskpaatigrinya.dk\/wp-content\/uploads\/2023\/01\/Omstaendigheder-til-video-2-instruktion-.docx\" class=\"wp-block-file__button wp-element-button\" download aria-describedby=\"wp-block-file--media-3555f9bf-d8f9-4b98-933e-336766e9bb54\">Download<\/a><\/div>\n\n\n\n<p><\/p>\n\n\n\n<p><strong><em>3. Arbejde med at rekonstruere teksten fra videoen<\/em><\/strong><\/p>\n\n\n\n<p>Afh\u00e6ngig af niveau, kan kursisterne l\u00e6gge kortene i kronologisk r\u00e6kkef\u00f8lge, s\u00e5 teksten bliver identisk med teksten i videoen. <\/p>\n\n\n\n<p>En nemmere udgave af denne opgave: L\u00e6reren l\u00e6ser teksten op for kursisterne, imens kursisterne l\u00e6gger kortene i tilsvarende r\u00e6kkef\u00f8lge. <\/p>\n\n\n\n<p><\/p>\n\n\n\n<p><em><strong>4. Puslespil med manglende ord<\/strong><\/em><\/p>\n\n\n\n<p>Fjern nogle af deltagerne, processerne og deltagerne fra teksten og bed kursisterne om at s\u00e6tte ordene ind p\u00e5 de korrekte steder igen (hultekst).<\/p>\n\n\n\n<p><\/p>\n\n\n\n<p><strong><em>5. Arbejde med at farvel\u00e6gge teksten<\/em><\/strong><\/p>\n\n\n\n<p>Print teksten uden farver. Lad kursisterne farvel\u00e6gge processerne i teksten med gr\u00f8n farve. Lad kursisterne farvel\u00e6gge deltager med r\u00f8d farve. Lad kursisterne farvel\u00e6gge omst\u00e6ndigheder med bl\u00e5 farve. <\/p>\n\n\n\n<p>Klip teksten op i s\u00e6tninger og lad kursisterne samle den igen.<\/p>\n\n\n\n<p>Klip teksten op i processer, deltagere og omst\u00e6ndigheder og lad kursisterne samle den igen. <\/p>\n\n\n\n<div class=\"wp-block-file\"><a id=\"wp-block-file--media-b713cd18-022f-4ae3-980b-03df1d477504\" href=\"https:\/\/danskpaatigrinya.dk\/wp-content\/uploads\/2023\/01\/Instruktion-opskrift-til-kopiering-uden-farver-.docx\">Instruktion-opskrift-til-kopiering-uden-farver-<\/a><a href=\"https:\/\/danskpaatigrinya.dk\/wp-content\/uploads\/2023\/01\/Instruktion-opskrift-til-kopiering-uden-farver-.docx\" class=\"wp-block-file__button wp-element-button\" download aria-describedby=\"wp-block-file--media-b713cd18-022f-4ae3-980b-03df1d477504\">Download<\/a><\/div>\n\n\n\n<p><\/p>\n\n\n\n<p><strong><em>6. At bygge nye s\u00e6tninger<\/em><\/strong><\/p>\n\n\n\n<p>Byg nye s\u00e6tninger op med de samme deltagere, processer og omst\u00e6ndigheder i andre kombinationsmuligheder.<\/p>\n\n\n\n<p>Gentag \u00f8velsen i et nyt dom\u00e6ne med andre ord. Tal om eller p\u00e5peg lighed og forskelle i de to instruktioner.<\/p>\n\n\n\n<p><\/p>\n\n\n\n<p><strong><em>7. Bag selv pandekager<\/em><\/strong> <\/p>\n\n\n\n<p>Hvis forholdene tillader det, kan man selv lave pandekager ved at anvende opskriften og aktivere det ordforr\u00e5d, der er blevet arbejdet med i undervisningen.<\/p>\n\n\n\n<p><\/p>\n","protected":false},"excerpt":{"rendered":"<p>Instruktion I denne video bager Lwam og Jane pandekager. De f\u00f8lgen en opskrift fra en kogebog. I video nummer 2 vises, hvordan man kan l\u00e6se en opskrift. Kursisten kan l\u00e6re, hvordan han eller hun kan genkende en instruktion og selv skrive en instruktion. Instruktioner findes i alle fag i skolen og er ofte mundtlige, da [&hellip;]<\/p>\n","protected":false},"author":1,"featured_media":0,"parent":0,"menu_order":0,"comment_status":"closed","ping_status":"closed","template":"","meta":{"zakra_sidebar_layout":"customizer","zakra_remove_content_margin":false,"zakra_sidebar":"customizer","zakra_transparent_header":"customizer","zakra_logo":0,"zakra_main_header_style":"default","zakra_menu_item_color":"","zakra_menu_item_hover_color":"","zakra_menu_item_active_color":"","zakra_menu_active_style":"","zakra_page_header":true,"footnotes":""},"class_list":["post-1147","page","type-page","status-publish","hentry"],"_links":{"self":[{"href":"https:\/\/danskpaatigrinya.dk\/index.php?rest_route=\/wp\/v2\/pages\/1147","targetHints":{"allow":["GET"]}}],"collection":[{"href":"https:\/\/danskpaatigrinya.dk\/index.php?rest_route=\/wp\/v2\/pages"}],"about":[{"href":"https:\/\/danskpaatigrinya.dk\/index.php?rest_route=\/wp\/v2\/types\/page"}],"author":[{"embeddable":true,"href":"https:\/\/danskpaatigrinya.dk\/index.php?rest_route=\/wp\/v2\/users\/1"}],"replies":[{"embeddable":true,"href":"https:\/\/danskpaatigrinya.dk\/index.php?rest_route=%2Fwp%2Fv2%2Fcomments&post=1147"}],"version-history":[{"count":10,"href":"https:\/\/danskpaatigrinya.dk\/index.php?rest_route=\/wp\/v2\/pages\/1147\/revisions"}],"predecessor-version":[{"id":1274,"href":"https:\/\/danskpaatigrinya.dk\/index.php?rest_route=\/wp\/v2\/pages\/1147\/revisions\/1274"}],"wp:attachment":[{"href":"https:\/\/danskpaatigrinya.dk\/index.php?rest_route=%2Fwp%2Fv2%2Fmedia&parent=1147"}],"curies":[{"name":"wp","href":"https:\/\/api.w.org\/{rel}","templated":true}]}}