{"id":1079,"date":"2015-07-29T13:44:44","date_gmt":"2015-07-29T13:44:44","guid":{"rendered":"https:\/\/blockart-agency.sites.qsandbox.com\/?page_id=4"},"modified":"2023-02-18T07:43:30","modified_gmt":"2023-02-18T07:43:30","slug":"home","status":"publish","type":"page","link":"https:\/\/danskpaatigrinya.dk\/","title":{"rendered":"Home"},"content":{"rendered":"\n<div class=\"blockart-section blockart-section-3274e693\"><div class=\"blockart-container\"><div class=\"blockart-section-inner\">\n<div class=\"blockart-column blockart-column-5c451749\"><div class=\"blockart-column-inner\">\n<h1 class=\"blockart-heading blockart-heading-715dd37b\">Dansk p\u00e5 Tigrinya.<\/h1>\n\n\n\n<p class=\"blockart-paragraph blockart-paragraph-1ad4af93\">Velkommen til projektet <strong>&#8220;Videobaseret undervisningsmateriale til tigrinya-talende kursister&#8221;<\/strong> &#8211; til dig som l\u00e6rer dansk p\u00e5 tigrinya!<\/p>\n\n\n\n\n\n<p class=\"blockart-paragraph blockart-paragraph-2dcdba97\">Dansk sprog forklaret og visualiseret i kulturel kontekst p\u00e5 dansk og kursisternes f\u00f8rstesprog<\/p>\n<\/div><\/div>\n\n\n\n<div class=\"blockart-column blockart-column-717e808b\"><div class=\"blockart-column-inner\">\n<figure class=\"wp-block-image size-large\"><img loading=\"lazy\" decoding=\"async\" width=\"1024\" height=\"768\" src=\"https:\/\/danskpaatigrinya.dk\/wp-content\/uploads\/2023\/02\/hanne-paa-skaermen-og-fysisk-1-1024x768.jpg\" alt=\"\" class=\"wp-image-1285\" srcset=\"https:\/\/danskpaatigrinya.dk\/wp-content\/uploads\/2023\/02\/hanne-paa-skaermen-og-fysisk-1-1024x768.jpg 1024w, https:\/\/danskpaatigrinya.dk\/wp-content\/uploads\/2023\/02\/hanne-paa-skaermen-og-fysisk-1-300x225.jpg 300w, https:\/\/danskpaatigrinya.dk\/wp-content\/uploads\/2023\/02\/hanne-paa-skaermen-og-fysisk-1-768x576.jpg 768w, https:\/\/danskpaatigrinya.dk\/wp-content\/uploads\/2023\/02\/hanne-paa-skaermen-og-fysisk-1.jpg 1163w\" sizes=\"auto, (max-width: 1024px) 100vw, 1024px\" \/><figcaption class=\"wp-element-caption\">Projektgruppen pr\u00e6senterer resultater for l\u00e6rere i dansk som andetsprog p\u00e5 to sprogskoler.<\/figcaption><\/figure>\n<\/div><\/div>\n<\/div><\/div><\/div>\n\n\n\n<div class=\"blockart-section blockart-section-ca3b7b9f\"><div class=\"blockart-container-fluid\"><div class=\"blockart-section-inner\">\n<div class=\"blockart-column blockart-column-5fa93e18\"><div class=\"blockart-column-inner\">\n<div class=\"blockart-image blockart-image-f8461aa0\"><img loading=\"lazy\" decoding=\"async\" width=\"1237\" height=\"750\" class=\"wp-image-1205\" src=\"https:\/\/danskpaatigrinya.dk\/wp-content\/uploads\/2023\/01\/video-1-1.jpg\" alt=\"\" srcset=\"https:\/\/danskpaatigrinya.dk\/wp-content\/uploads\/2023\/01\/video-1-1.jpg 1237w, https:\/\/danskpaatigrinya.dk\/wp-content\/uploads\/2023\/01\/video-1-1-300x182.jpg 300w, https:\/\/danskpaatigrinya.dk\/wp-content\/uploads\/2023\/01\/video-1-1-1024x621.jpg 1024w, https:\/\/danskpaatigrinya.dk\/wp-content\/uploads\/2023\/01\/video-1-1-768x466.jpg 768w\" sizes=\"auto, (max-width: 1237px) 100vw, 1237px\" \/><\/div>\n\n\n\n<h2 class=\"blockart-heading blockart-heading-12f0ef49\"><a href=\"https:\/\/danskpaatigrinya.dk\/?page_id=1150\" target=\"_blank\" rel=\"noreferrer noopener\">video 1<\/a><\/h2>\n<\/div><\/div>\n\n\n\n<div class=\"blockart-column blockart-column-4eff3299\"><div class=\"blockart-column-inner\">\n<div class=\"blockart-image blockart-image-9a37870e\"><img loading=\"lazy\" decoding=\"async\" width=\"746\" height=\"412\" class=\"wp-image-1288\" src=\"https:\/\/danskpaatigrinya.dk\/wp-content\/uploads\/2023\/02\/video-2.jpg\" alt=\"\" srcset=\"https:\/\/danskpaatigrinya.dk\/wp-content\/uploads\/2023\/02\/video-2.jpg 746w, https:\/\/danskpaatigrinya.dk\/wp-content\/uploads\/2023\/02\/video-2-300x166.jpg 300w\" sizes=\"auto, (max-width: 746px) 100vw, 746px\" \/><\/div>\n\n\n\n<h2 class=\"blockart-heading blockart-heading-2276db7c\"><a href=\"https:\/\/danskpaatigrinya.dk\/?page_id=1147\" target=\"_blank\" rel=\"noreferrer noopener\">video 2<\/a><\/h2>\n<\/div><\/div>\n\n\n\n<div class=\"blockart-column blockart-column-e090615f\"><div class=\"blockart-column-inner\">\n<div class=\"blockart-image blockart-image-1db335ff\"><img loading=\"lazy\" decoding=\"async\" width=\"746\" height=\"415\" class=\"wp-image-1290\" src=\"https:\/\/danskpaatigrinya.dk\/wp-content\/uploads\/2023\/02\/video-3.jpg\" alt=\"\" srcset=\"https:\/\/danskpaatigrinya.dk\/wp-content\/uploads\/2023\/02\/video-3.jpg 746w, https:\/\/danskpaatigrinya.dk\/wp-content\/uploads\/2023\/02\/video-3-300x167.jpg 300w\" sizes=\"auto, (max-width: 746px) 100vw, 746px\" \/><\/div>\n\n\n\n<p><\/p>\n\n\n\n<h2 class=\"blockart-heading blockart-heading-e868582c\"><a href=\"https:\/\/danskpaatigrinya.dk\/?page_id=1149\" target=\"_blank\" rel=\"noreferrer noopener\">video 3<\/a><\/h2>\n<\/div><\/div>\n\n\n\n<div class=\"blockart-column blockart-column-71394df3\"><div class=\"blockart-column-inner\">\n<div class=\"blockart-image blockart-image-1460ab37\"><img loading=\"lazy\" decoding=\"async\" width=\"746\" height=\"413\" class=\"wp-image-1291\" src=\"https:\/\/danskpaatigrinya.dk\/wp-content\/uploads\/2023\/02\/video-4.jpg\" alt=\"\" srcset=\"https:\/\/danskpaatigrinya.dk\/wp-content\/uploads\/2023\/02\/video-4.jpg 746w, https:\/\/danskpaatigrinya.dk\/wp-content\/uploads\/2023\/02\/video-4-300x166.jpg 300w\" sizes=\"auto, (max-width: 746px) 100vw, 746px\" \/><\/div>\n\n\n\n<h2 class=\"blockart-heading blockart-heading-e08baca8\"><a href=\"https:\/\/danskpaatigrinya.dk\/?page_id=1152\" target=\"_blank\" rel=\"noreferrer noopener\">video 4<\/a><\/h2>\n<\/div><\/div>\n<\/div><\/div><\/div>\n\n\n\n<div class=\"blockart-section blockart-section-2636e827\"><div class=\"blockart-container\"><div class=\"blockart-section-inner\">\n<div class=\"blockart-column blockart-column-c8fa061e\"><div class=\"blockart-column-inner\">\n<div class=\"blockart-image blockart-image-22183819\"><img loading=\"lazy\" decoding=\"async\" width=\"1286\" height=\"971\" class=\"wp-image-1182\" src=\"https:\/\/danskpaatigrinya.dk\/wp-content\/uploads\/2022\/12\/faner-billede-.png\" alt=\"\" srcset=\"https:\/\/danskpaatigrinya.dk\/wp-content\/uploads\/2022\/12\/faner-billede-.png 1286w, https:\/\/danskpaatigrinya.dk\/wp-content\/uploads\/2022\/12\/faner-billede--300x227.png 300w, https:\/\/danskpaatigrinya.dk\/wp-content\/uploads\/2022\/12\/faner-billede--1024x773.png 1024w, https:\/\/danskpaatigrinya.dk\/wp-content\/uploads\/2022\/12\/faner-billede--768x580.png 768w\" sizes=\"auto, (max-width: 1286px) 100vw, 1286px\" \/><\/div>\n<\/div><\/div>\n\n\n\n<div class=\"blockart-column blockart-column-0d62a340\"><div class=\"blockart-column-inner\">\n<h2 class=\"blockart-heading blockart-heading-f75800de\">Projektet <\/h2>\n\n\n\n<p class=\"blockart-paragraph blockart-paragraph-b70cd9cb\">Form\u00e5let med projektet er at styrke undervisningen p\u00e5 DU1 og DU2 gennem udbredelse af kendskab til l\u00e6ringstilgangen Systemisk Funktionel Lingvistik (SFL) for m\u00e5lgruppens l\u00e6rere. Dette konkretiseres gennem produktion af et l\u00e6ringsmateriale best\u00e5ende af fire undervisningsfilm, med tilh\u00f8rende l\u00e6rermateriale. <\/p>\n\n\n\n<p class=\"blockart-paragraph blockart-paragraph-3ea7fd0b\">Vi har udviklet et koncept, som g\u00f8r det muligt for kursisterne at forst\u00e5 dansk sprogbrug nemt og hurtigt \u2013 og igennem modersm\u00e5l! Vores koncept for videomateriale er udviklet med udgangspunkt i tre teorier om sprog og sprogl\u00e6ring:<\/p>\n\n\n\n<p><strong>1. det funktionelle tilgang til sprog, <\/strong><\/p>\n\n\n\n<p><strong>2. sproglig opm\u00e6rksomhed og metasproglig refleksion, <\/strong><\/p>\n\n\n\n<p><strong>3. tv\u00e6rsproglighed\/translanguaging.&nbsp; <\/strong><\/p>\n\n\n\n<p>Vi tager udgangspunkt i autentisk sprogbrug, men til videomaterialets form\u00e5l konstruerer vi forskellige typer samtaler, som vi bruger til at analysere og forklare et \u00f8jebliksbillede af sprogbrug.<\/p>\n<\/div><\/div>\n<\/div><\/div><\/div>\n\n\n\n<figure class=\"wp-block-image aligncenter size-large is-resized\"><img loading=\"lazy\" decoding=\"async\" src=\"https:\/\/danskpaatigrinya.dk\/wp-content\/uploads\/2023\/01\/1-1024x768.jpg\" alt=\"\" class=\"wp-image-1225\" width=\"429\" height=\"322\" srcset=\"https:\/\/danskpaatigrinya.dk\/wp-content\/uploads\/2023\/01\/1-1024x768.jpg 1024w, https:\/\/danskpaatigrinya.dk\/wp-content\/uploads\/2023\/01\/1-300x225.jpg 300w, https:\/\/danskpaatigrinya.dk\/wp-content\/uploads\/2023\/01\/1-768x576.jpg 768w, https:\/\/danskpaatigrinya.dk\/wp-content\/uploads\/2023\/01\/1-1536x1152.jpg 1536w, https:\/\/danskpaatigrinya.dk\/wp-content\/uploads\/2023\/01\/1-2048x1536.jpg 2048w\" sizes=\"auto, (max-width: 429px) 100vw, 429px\" \/><\/figure>\n\n\n\n<div class=\"blockart-section blockart-section-f972e8b1\"><div class=\"blockart-container\"><div class=\"blockart-section-inner\">\n<div class=\"blockart-column blockart-column-fa5a068c\"><div class=\"blockart-column-inner\"><\/div><\/div>\n\n\n\n<div class=\"blockart-column blockart-column-16b99b14\"><div class=\"blockart-column-inner\">\n<h2 class=\"blockart-heading blockart-heading-26a93908\">Form\u00e5l med projektet<\/h2>\n\n\n\n<p>Form\u00e5l med projektet er at styrke undervisning i grundl\u00e6ggende litteracitet p\u00e5 sprogskolerne i Danmark ved at udvikle, afpr\u00f8ve og formidle et undervisningsmateriale i dansk som andetsprog til kursister, som er i gang med at l\u00e6re at l\u00e6se og at skrive samtidig med at de tilegner sig dansk som andetsprog som vejen til integration, aktiv medborgerskab, arbejde og selvfors\u00f8rgelse i Danmark.<\/p>\n\n\n\n<p class=\"blockart-paragraph blockart-paragraph-971d61ae\"><strong>Indhold i projektet<\/strong><\/p>\n\n\n\n<p>I projektet har vi udviklet en r\u00e6kke korte videoer, som illustrerer og forklarer dansk sprogbrug med udgangspunkt i en funktionel tilgang. Disse videoer vil fungere som eksempler p\u00e5, hvordan sprogskolel\u00e6rere kan arbejde med grundl\u00e6ggende litteracitet<br>med udgangspunkt i det funktionelle sprogsyn med henblik p\u00e5 udvikling af den kommunikative kompetence. Videoerne kan b\u00e5de bruges af undervisere p\u00e5 sprogskolerne og kursisterne selv.<\/p>\n\n\n\n<p class=\"blockart-paragraph blockart-paragraph-8ba3d54d\"><strong>Videoerne<\/strong><\/p>\n\n\n\n<p class=\"blockart-paragraph blockart-paragraph-44128770\">Til videoerne har vi udviklet en l\u00e6rervejledning med begrundelse af tilgange, samt ideer til hvordan l\u00e6rere kan bruge metoden i deres egen undervisning. <\/p>\n<\/div><\/div>\n\n\n\n<div class=\"blockart-column blockart-column-8b477d87\"><div class=\"blockart-column-inner\"><\/div><\/div>\n<\/div><\/div><\/div>\n\n\n\n<div class=\"blockart-section blockart-section-23db8207\"><div class=\"blockart-container-fluid\"><div class=\"blockart-section-inner\">\n<div class=\"blockart-column blockart-column-8395e5a7\"><div class=\"blockart-column-inner\">\n<div class=\"blockart-image blockart-image-7ce3a6fc\"><img loading=\"lazy\" decoding=\"async\" width=\"2560\" height=\"1920\" class=\"wp-image-1228\" src=\"https:\/\/danskpaatigrinya.dk\/wp-content\/uploads\/2023\/01\/IMG_20220115_112810-scaled.jpg\" alt=\"\" srcset=\"https:\/\/danskpaatigrinya.dk\/wp-content\/uploads\/2023\/01\/IMG_20220115_112810-scaled.jpg 2560w, https:\/\/danskpaatigrinya.dk\/wp-content\/uploads\/2023\/01\/IMG_20220115_112810-300x225.jpg 300w, https:\/\/danskpaatigrinya.dk\/wp-content\/uploads\/2023\/01\/IMG_20220115_112810-1024x768.jpg 1024w, https:\/\/danskpaatigrinya.dk\/wp-content\/uploads\/2023\/01\/IMG_20220115_112810-768x576.jpg 768w, https:\/\/danskpaatigrinya.dk\/wp-content\/uploads\/2023\/01\/IMG_20220115_112810-1536x1152.jpg 1536w, https:\/\/danskpaatigrinya.dk\/wp-content\/uploads\/2023\/01\/IMG_20220115_112810-2048x1536.jpg 2048w\" sizes=\"auto, (max-width: 2560px) 100vw, 2560px\" \/><\/div>\n<\/div><\/div>\n\n\n\n<div class=\"blockart-column blockart-column-6bee2af2\"><div class=\"blockart-column-inner\">\n<figure class=\"wp-block-image size-large\"><img loading=\"lazy\" decoding=\"async\" width=\"1024\" height=\"768\" src=\"https:\/\/danskpaatigrinya.dk\/wp-content\/uploads\/2023\/01\/3-1024x768.jpg\" alt=\"\" class=\"wp-image-1229\" srcset=\"https:\/\/danskpaatigrinya.dk\/wp-content\/uploads\/2023\/01\/3-1024x768.jpg 1024w, https:\/\/danskpaatigrinya.dk\/wp-content\/uploads\/2023\/01\/3-300x225.jpg 300w, https:\/\/danskpaatigrinya.dk\/wp-content\/uploads\/2023\/01\/3-768x576.jpg 768w, https:\/\/danskpaatigrinya.dk\/wp-content\/uploads\/2023\/01\/3-1536x1152.jpg 1536w, https:\/\/danskpaatigrinya.dk\/wp-content\/uploads\/2023\/01\/3-2048x1536.jpg 2048w\" sizes=\"auto, (max-width: 1024px) 100vw, 1024px\" \/><\/figure>\n<\/div><\/div>\n\n\n\n<div class=\"blockart-column blockart-column-fd901356\"><div class=\"blockart-column-inner\">\n<div class=\"blockart-image blockart-image-945e1eee\"><img loading=\"lazy\" decoding=\"async\" width=\"2560\" height=\"1920\" class=\"wp-image-1230\" src=\"https:\/\/danskpaatigrinya.dk\/wp-content\/uploads\/2023\/01\/IMG_20220115_112658-scaled.jpg\" alt=\"\" srcset=\"https:\/\/danskpaatigrinya.dk\/wp-content\/uploads\/2023\/01\/IMG_20220115_112658-scaled.jpg 2560w, https:\/\/danskpaatigrinya.dk\/wp-content\/uploads\/2023\/01\/IMG_20220115_112658-300x225.jpg 300w, https:\/\/danskpaatigrinya.dk\/wp-content\/uploads\/2023\/01\/IMG_20220115_112658-1024x768.jpg 1024w, https:\/\/danskpaatigrinya.dk\/wp-content\/uploads\/2023\/01\/IMG_20220115_112658-768x576.jpg 768w, https:\/\/danskpaatigrinya.dk\/wp-content\/uploads\/2023\/01\/IMG_20220115_112658-1536x1152.jpg 1536w, https:\/\/danskpaatigrinya.dk\/wp-content\/uploads\/2023\/01\/IMG_20220115_112658-2048x1536.jpg 2048w\" sizes=\"auto, (max-width: 2560px) 100vw, 2560px\" \/><\/div>\n<\/div><\/div>\n\n\n\n<div class=\"blockart-column blockart-column-0edff57f\"><div class=\"blockart-column-inner\">\n<div class=\"blockart-image blockart-image-4cf51b56\"><img loading=\"lazy\" decoding=\"async\" width=\"2560\" height=\"1920\" class=\"wp-image-1232\" src=\"https:\/\/danskpaatigrinya.dk\/wp-content\/uploads\/2023\/01\/IMG_20220115_142155-scaled.jpg\" alt=\"\" srcset=\"https:\/\/danskpaatigrinya.dk\/wp-content\/uploads\/2023\/01\/IMG_20220115_142155-scaled.jpg 2560w, https:\/\/danskpaatigrinya.dk\/wp-content\/uploads\/2023\/01\/IMG_20220115_142155-300x225.jpg 300w, https:\/\/danskpaatigrinya.dk\/wp-content\/uploads\/2023\/01\/IMG_20220115_142155-1024x768.jpg 1024w, https:\/\/danskpaatigrinya.dk\/wp-content\/uploads\/2023\/01\/IMG_20220115_142155-768x576.jpg 768w, https:\/\/danskpaatigrinya.dk\/wp-content\/uploads\/2023\/01\/IMG_20220115_142155-1536x1152.jpg 1536w, https:\/\/danskpaatigrinya.dk\/wp-content\/uploads\/2023\/01\/IMG_20220115_142155-2048x1536.jpg 2048w\" sizes=\"auto, (max-width: 2560px) 100vw, 2560px\" \/><\/div>\n<\/div><\/div>\n<\/div><\/div><\/div>\n\n\n\n<div class=\"blockart-section blockart-section-d125d5f9\"><div class=\"blockart-container-fluid\"><div class=\"blockart-section-inner\">\n<div class=\"blockart-column blockart-column-a85bf22f\"><div class=\"blockart-column-inner\"><\/div><\/div>\n\n\n\n<div class=\"blockart-column blockart-column-0e1f7934\"><div class=\"blockart-column-inner\"><\/div><\/div>\n\n\n\n<div class=\"blockart-column blockart-column-a2530a89\"><div class=\"blockart-column-inner\"><\/div><\/div>\n\n\n\n<div class=\"blockart-column blockart-column-c6665ee7\"><div class=\"blockart-column-inner\"><\/div><\/div>\n<\/div><\/div><\/div>\n\n\n\n<div class=\"blockart-section blockart-section-c3d7ca4d\"><div class=\"blockart-container\"><div class=\"blockart-section-inner\">\n<div class=\"blockart-column blockart-column-2891daad\"><div class=\"blockart-column-inner\"><\/div><\/div>\n<\/div><\/div><\/div>\n\n\n\n<div class=\"blockart-section blockart-section-aa970efe\"><div class=\"blockart-container\"><div class=\"blockart-section-inner\">\n<div class=\"blockart-column blockart-column-cbcf5b56\"><div class=\"blockart-column-inner\"><\/div><\/div>\n<\/div><\/div><\/div>\n\n\n\n<div class=\"blockart-section blockart-section-cd33f423\"><div class=\"blockart-container\"><div class=\"blockart-section-inner\">\n<div class=\"blockart-column blockart-column-f68eb99e\"><div class=\"blockart-column-inner\">\n<figure class=\"wp-block-image size-full is-resized\"><img loading=\"lazy\" decoding=\"async\" src=\"https:\/\/danskpaatigrinya.dk\/wp-content\/uploads\/2023\/01\/siri-2.jpg\" alt=\"\" class=\"wp-image-1196\" width=\"197\" height=\"107\"\/><\/figure>\n<\/div><\/div>\n\n\n\n<div class=\"blockart-column blockart-column-fd84efa4\"><div class=\"blockart-column-inner\">\n<h2 class=\"blockart-heading blockart-heading-19bfe100\">Styrelsen for International Rekruttering og Integration<\/h2>\n\n\n\n<p class=\"blockart-paragraph blockart-paragraph-9e7a7909\">Projektet er st\u00f8ttet med midler fra SIRI puljen &#8220;Efteruddannelse af medarbejdere ved danskuddannelserne m.fl.&#8221; Del 2: St\u00f8tte til udviklingsprojekter. <\/p>\n<\/div><\/div>\n<\/div><\/div><\/div>\n\n\n\n<h2 class=\"wp-block-heading\">Projektdeltagere<\/h2>\n\n\n\n<div class=\"blockart-section blockart-section-1b4fd585\"><div class=\"blockart-container\"><div class=\"blockart-section-inner\">\n<div class=\"blockart-column blockart-column-ad5138a4\"><div class=\"blockart-column-inner\">\n<div class=\"blockart-image blockart-image-53b3484e\"><img loading=\"lazy\" decoding=\"async\" width=\"448\" height=\"95\" class=\"wp-image-1198\" src=\"https:\/\/danskpaatigrinya.dk\/wp-content\/uploads\/2023\/01\/naestved-1.jpg\" alt=\"\" srcset=\"https:\/\/danskpaatigrinya.dk\/wp-content\/uploads\/2023\/01\/naestved-1.jpg 448w, https:\/\/danskpaatigrinya.dk\/wp-content\/uploads\/2023\/01\/naestved-1-300x64.jpg 300w\" sizes=\"auto, (max-width: 448px) 100vw, 448px\" \/><\/div>\n\n\n\n<h3 class=\"blockart-heading blockart-heading-82de95e0\"><br><br><br><br>Sprogcenter N\u00e6stved, N\u00e6stved Kommune<\/h3>\n\n\n<\/div><\/div>\n\n\n\n<div class=\"blockart-column blockart-column-d4a4bcb6\"><div class=\"blockart-column-inner\">\n<div class=\"blockart-image blockart-image-e64f8e77\"><img loading=\"lazy\" decoding=\"async\" width=\"190\" height=\"155\" class=\"wp-image-1199\" src=\"https:\/\/danskpaatigrinya.dk\/wp-content\/uploads\/2023\/01\/koege-3.jpg\" alt=\"\"\/><\/div>\n\n\n\n<h3 class=\"blockart-heading blockart-heading-8adc2600\">Center for Dansk og Integration, K\u00f8ge Kommune<\/h3>\n<\/div><\/div>\n\n\n\n<div class=\"blockart-column blockart-column-2750644c\"><div class=\"blockart-column-inner\">\n<div class=\"blockart-image blockart-image-a35a53e4\"><img loading=\"lazy\" decoding=\"async\" width=\"301\" height=\"101\" class=\"wp-image-1200\" src=\"https:\/\/danskpaatigrinya.dk\/wp-content\/uploads\/2023\/01\/kp-1.jpg\" alt=\"\"\/><\/div>\n\n\n\n<h3 class=\"blockart-heading blockart-heading-2031de75\"><br><br><br>K\u00f8benhavns Professions-h\u00f8jskole<\/h3>\n\n\n<\/div><\/div>\n\n\n\n<div class=\"blockart-column blockart-column-094dd5bc\"><div class=\"blockart-column-inner\">\n<div class=\"blockart-image blockart-image-73ad3e15\"><img loading=\"lazy\" decoding=\"async\" width=\"303\" height=\"82\" class=\"wp-image-1201\" src=\"https:\/\/danskpaatigrinya.dk\/wp-content\/uploads\/2023\/01\/shls-1.jpg\" alt=\"\" srcset=\"https:\/\/danskpaatigrinya.dk\/wp-content\/uploads\/2023\/01\/shls-1.jpg 303w, https:\/\/danskpaatigrinya.dk\/wp-content\/uploads\/2023\/01\/shls-1-300x81.jpg 300w\" sizes=\"auto, (max-width: 303px) 100vw, 303px\" \/><\/div>\n\n\n\n<h3 class=\"blockart-heading blockart-heading-ae1e7206\"><br><br><br>Sprogcentret Holstebro, Lemvig og Struer, Holstebro Kommune<\/h3>\n<\/div><\/div>\n<\/div><\/div><\/div>\n\n\n\n<div class=\"blockart-section blockart-section-6cffd591\"><div class=\"blockart-container\"><div class=\"blockart-section-inner\">\n<div class=\"blockart-column blockart-column-263dd468\"><div class=\"blockart-column-inner\">\n<h2 class=\"blockart-heading blockart-heading-0a1747ef\">Har du sp\u00f8rgsm\u00e5l?<\/h2>\n\n\n\n<p class=\"blockart-paragraph blockart-paragraph-98be4072\">Skriv til Elina Maslo p\u00e5 mail elina.maslo@gmail.com.<\/p>\n<\/div><\/div>\n\n\n\n<div class=\"blockart-column blockart-column-edf7c39e\"><div class=\"blockart-column-inner\"><\/div><\/div>\n<\/div><\/div><\/div>\n\n\n\n<div class=\"blockart-section blockart-section-d8bb7b25\"><div class=\"blockart-container\"><div class=\"blockart-section-inner\">\n<div class=\"blockart-column blockart-column-e70448c7\"><div class=\"blockart-column-inner\"><\/div><\/div>\n\n\n\n<div class=\"blockart-column blockart-column-716dcbed\"><div class=\"blockart-column-inner\"><\/div><\/div>\n\n\n\n<div class=\"blockart-column blockart-column-3ce79db4\"><div class=\"blockart-column-inner\"><\/div><\/div>\n\n\n\n<div class=\"blockart-column blockart-column-b947f356\"><div class=\"blockart-column-inner\"><\/div><\/div>\n\n\n\n<div class=\"blockart-column blockart-column-ce805f44\"><div class=\"blockart-column-inner\"><\/div><\/div>\n<\/div><\/div><\/div>\n","protected":false},"excerpt":{"rendered":"<p>Projektdeltagere<\/p>\n","protected":false},"author":1,"featured_media":0,"parent":0,"menu_order":0,"comment_status":"open","ping_status":"open","template":"page-templates\/pagebuilder.php","meta":{"zakra_sidebar_layout":"stretched","zakra_remove_content_margin":true,"zakra_sidebar":"customizer","zakra_transparent_header":"customizer","zakra_logo":0,"zakra_main_header_style":"default","zakra_menu_item_color":"","zakra_menu_item_hover_color":"#000000","zakra_menu_item_active_color":"#23ab70","zakra_menu_active_style":"style-1","zakra_page_header":false,"footnotes":""},"class_list":["post-1079","page","type-page","status-publish","hentry"],"_links":{"self":[{"href":"https:\/\/danskpaatigrinya.dk\/index.php?rest_route=\/wp\/v2\/pages\/1079","targetHints":{"allow":["GET"]}}],"collection":[{"href":"https:\/\/danskpaatigrinya.dk\/index.php?rest_route=\/wp\/v2\/pages"}],"about":[{"href":"https:\/\/danskpaatigrinya.dk\/index.php?rest_route=\/wp\/v2\/types\/page"}],"author":[{"embeddable":true,"href":"https:\/\/danskpaatigrinya.dk\/index.php?rest_route=\/wp\/v2\/users\/1"}],"replies":[{"embeddable":true,"href":"https:\/\/danskpaatigrinya.dk\/index.php?rest_route=%2Fwp%2Fv2%2Fcomments&post=1079"}],"version-history":[{"count":20,"href":"https:\/\/danskpaatigrinya.dk\/index.php?rest_route=\/wp\/v2\/pages\/1079\/revisions"}],"predecessor-version":[{"id":1292,"href":"https:\/\/danskpaatigrinya.dk\/index.php?rest_route=\/wp\/v2\/pages\/1079\/revisions\/1292"}],"wp:attachment":[{"href":"https:\/\/danskpaatigrinya.dk\/index.php?rest_route=%2Fwp%2Fv2%2Fmedia&parent=1079"}],"curies":[{"name":"wp","href":"https:\/\/api.w.org\/{rel}","templated":true}]}}